{"id":22,"date":"2024-01-08T21:02:42","date_gmt":"2024-01-08T21:02:42","guid":{"rendered":"https:\/\/neven.one\/?page_id=22"},"modified":"2024-07-26T07:40:49","modified_gmt":"2024-07-26T07:40:49","slug":"faq","status":"publish","type":"page","link":"https:\/\/neven.one\/de\/faq\/","title":{"rendered":"FAQ"},"content":{"rendered":"<p>[et_pb_section fb_built=&#8221;1&#8243; admin_label=&#8221;Hero Section&#8221; _builder_version=&#8221;4.23.4&#8243; use_background_color_gradient=&#8221;on&#8221; background_color_gradient_type=&#8221;circular&#8221; background_color_gradient_direction_radial=&#8221;top&#8221; background_color_gradient_stops=&#8221;#2B2996 0%|#101535 50%&#8221; background_color_gradient_start=&#8221;#2B2996&#8243; background_color_gradient_end=&#8221;#101535&#8243; background_color_gradient_end_position=&#8221;50%&#8221; background_image=&#8221;https:\/\/neven.one\/wp-content\/uploads\/2024\/01\/crypto_illustration_17.png&#8221; background_size=&#8221;initial&#8221; background_position=&#8221;top_center&#8221; custom_margin=&#8221;-21px||||false|false&#8221; custom_padding=&#8221;150px|||&#8221; global_colors_info=&#8221;{}&#8221;][et_pb_row _builder_version=&#8221;4.16&#8243; background_size=&#8221;initial&#8221; background_position=&#8221;top_left&#8221; background_repeat=&#8221;repeat&#8221; module_alignment=&#8221;center&#8221; custom_width_px=&#8221;700px&#8221; global_colors_info=&#8221;{}&#8221;][et_pb_column type=&#8221;4_4&#8243; _builder_version=&#8221;4.16&#8243; custom_padding=&#8221;|||&#8221; global_colors_info=&#8221;{}&#8221; custom_padding__hover=&#8221;|||&#8221;][et_pb_text _builder_version=&#8221;4.25.0&#8243; text_font=&#8221;||||||||&#8221; text_font_size=&#8221;18px&#8221; text_line_height=&#8221;2em&#8221; header_font=&#8221;Titillium Web||||||||&#8221; header_font_size=&#8221;66px&#8221; header_line_height=&#8221;1.5em&#8221; header_2_font=&#8221;Titillium Web||||||||&#8221; header_2_font_size=&#8221;66px&#8221; header_2_line_height=&#8221;1.5em&#8221; header_3_font=&#8221;Titillium Web||||||||&#8221; header_3_font_size=&#8221;66px&#8221; header_3_line_height=&#8221;1.5em&#8221; header_4_font=&#8221;Titillium Web||||||||&#8221; header_4_font_size=&#8221;66px&#8221; header_4_line_height=&#8221;1.5em&#8221; header_5_font=&#8221;Titillium Web||||||||&#8221; header_5_font_size=&#8221;66px&#8221; header_5_line_height=&#8221;1.5em&#8221; header_6_font=&#8221;Titillium Web||||||||&#8221; header_6_font_size=&#8221;66px&#8221; header_6_line_height=&#8221;1.5em&#8221; text_orientation=&#8221;center&#8221; background_layout=&#8221;dark&#8221; max_width=&#8221;700px&#8221; module_alignment=&#8221;center&#8221; header_font_size_tablet=&#8221;40px&#8221; header_font_size_phone=&#8221;&#8221; header_font_size_last_edited=&#8221;on|phone&#8221; global_colors_info=&#8221;{}&#8221;]<\/p>\n<h1>H\u00e4ufige Fragen<\/h1>\n<p><span>Hast du Fragen zur Buchung von NEVEN f\u00fcr dein Event? Hier findest du h\u00e4ufig gestellte Fragen, die dir Einblicke geben, was du erwarten kannst, wenn du NEVEN als Magier, P\u00e4dagoge oder Redner ausw\u00e4hlst.<\/span><\/p>\n<p>[\/et_pb_text][\/et_pb_column][\/et_pb_row][et_pb_row column_structure=&#8221;1_2,1_2&#8243; _builder_version=&#8221;4.16&#8243; custom_margin=&#8221;43px|auto||auto||&#8221; global_colors_info=&#8221;{}&#8221;][et_pb_column type=&#8221;1_2&#8243; _builder_version=&#8221;4.16&#8243; custom_padding=&#8221;|||&#8221; global_colors_info=&#8221;{}&#8221; custom_padding__hover=&#8221;|||&#8221;][et_pb_blurb title=&#8221;What types of events does Neven perform at?&#8221; use_icon=&#8221;on&#8221; font_icon=&#8221;&#x75;||divi||400&#8243; icon_color=&#8221;#3C3CC8&#8243; icon_placement=&#8221;left&#8221; _builder_version=&#8221;4.25.0&#8243; header_font=&#8221;Titillium Web|700||on|||||&#8221; header_font_size=&#8221;14px&#8221; header_letter_spacing=&#8221;2px&#8221; header_line_height=&#8221;1.8em&#8221; body_font=&#8221;Source Sans Pro||||||||&#8221; body_text_color=&#8221;rgba(255,255,255,0.7)&#8221; body_font_size=&#8221;16px&#8221; body_line_height=&#8221;1.8em&#8221; background_color=&#8221;#1b1f50&#8243; background_layout=&#8221;dark&#8221; custom_margin=&#8221;||12%|&#8221; custom_margin_tablet=&#8221;70px|||&#8221; custom_margin_last_edited=&#8221;off|desktop&#8221; custom_padding=&#8221;30px|16px|30px|16px&#8221; animation_style=&#8221;fold&#8221; locked=&#8221;off&#8221; global_colors_info=&#8221;{}&#8221;]<\/p>\n<p><span>Neven ist spezialisiert auf Firmenveranstaltungen, Hochzeiten, Bildungsumgebungen, Erwachsenengeburtstage und Kunstfestivals und sorgt daf\u00fcr, dass jede Show einzigartig auf das Publikum und das Veranstaltungsthema abgestimmt ist.<\/span><\/p>\n<p>[\/et_pb_blurb][et_pb_blurb title=&#8221;Does Neven perform for audiences of all ages?&#8221; use_icon=&#8221;on&#8221; font_icon=&#8221;&#x75;||divi||400&#8243; icon_color=&#8221;#3C3CC8&#8243; icon_placement=&#8221;left&#8221; _builder_version=&#8221;4.25.0&#8243; header_font=&#8221;Titillium Web|700||on|||||&#8221; header_font_size=&#8221;14px&#8221; header_letter_spacing=&#8221;2px&#8221; header_line_height=&#8221;1.8em&#8221; body_font=&#8221;Source Sans Pro||||||||&#8221; body_text_color=&#8221;rgba(255,255,255,0.7)&#8221; body_font_size=&#8221;16px&#8221; body_line_height=&#8221;1.8em&#8221; background_color=&#8221;#1b1f50&#8243; background_layout=&#8221;dark&#8221; custom_margin=&#8221;||12%|&#8221; custom_margin_tablet=&#8221;70px|||&#8221; custom_margin_last_edited=&#8221;off|desktop&#8221; custom_padding=&#8221;30px|16px|30px|16px&#8221; animation_style=&#8221;fold&#8221; animation_delay=&#8221;100ms&#8221; locked=&#8221;off&#8221; global_colors_info=&#8221;{}&#8221;]<\/p>\n<p><span>NEVEN hat verschiedene Shows im Repertoire. Seine Familienshow ist f\u00fcr Zuschauer jeden Alters geeignet, w\u00e4hrend seine Theatershow nur f\u00fcr ein erwachsenes Publikum konzipiert ist.\u00a0<\/span><\/p>\n<p>[\/et_pb_blurb][et_pb_blurb title=&#8221;Is Neven available for international events?&#8221; use_icon=&#8221;on&#8221; font_icon=&#8221;&#x75;||divi||400&#8243; icon_color=&#8221;#3C3CC8&#8243; icon_placement=&#8221;left&#8221; _builder_version=&#8221;4.25.0&#8243; header_font=&#8221;Titillium Web|700||on|||||&#8221; header_font_size=&#8221;14px&#8221; header_letter_spacing=&#8221;2px&#8221; header_line_height=&#8221;1.8em&#8221; body_font=&#8221;Source Sans Pro||||||||&#8221; body_text_color=&#8221;rgba(255,255,255,0.7)&#8221; body_font_size=&#8221;16px&#8221; body_line_height=&#8221;1.8em&#8221; background_color=&#8221;#1b1f50&#8243; background_layout=&#8221;dark&#8221; custom_margin=&#8221;||12%|&#8221; custom_margin_tablet=&#8221;70px|||&#8221; custom_margin_last_edited=&#8221;off|desktop&#8221; custom_padding=&#8221;30px|16px|30px|16px&#8221; animation_style=&#8221;fold&#8221; locked=&#8221;off&#8221; global_colors_info=&#8221;{}&#8221;]<\/p>\n<p><span>Ja, Neven ist f\u00fcr internationale Veranstaltungen verf\u00fcgbar. Reise- und Unterkunftskosten werden in der Regel vom Kunden \u00fcbernommen, und detaillierte Absprachen k\u00f6nnen w\u00e4hrend der Buchung besprochen werden.<\/span><\/p>\n<p>[\/et_pb_blurb][\/et_pb_column][et_pb_column type=&#8221;1_2&#8243; _builder_version=&#8221;4.16&#8243; custom_padding=&#8221;|||&#8221; global_colors_info=&#8221;{}&#8221; custom_padding__hover=&#8221;|||&#8221;][et_pb_blurb title=&#8221;How far in advance should I book Neven?&#8221; use_icon=&#8221;on&#8221; font_icon=&#8221;&#x75;||divi||400&#8243; icon_color=&#8221;#3C3CC8&#8243; icon_placement=&#8221;left&#8221; _builder_version=&#8221;4.25.0&#8243; header_font=&#8221;Titillium Web|700||on|||||&#8221; header_font_size=&#8221;14px&#8221; header_letter_spacing=&#8221;2px&#8221; header_line_height=&#8221;1.8em&#8221; body_font=&#8221;Source Sans Pro||||||||&#8221; body_text_color=&#8221;rgba(255,255,255,0.7)&#8221; body_font_size=&#8221;16px&#8221; body_line_height=&#8221;1.8em&#8221; background_color=&#8221;#1b1f50&#8243; background_layout=&#8221;dark&#8221; custom_margin=&#8221;||12%|&#8221; custom_margin_tablet=&#8221;70px|||&#8221; custom_margin_last_edited=&#8221;off|desktop&#8221; custom_padding=&#8221;30px|16px|30px|16px&#8221; animation_style=&#8221;fold&#8221; animation_delay=&#8221;150ms&#8221; locked=&#8221;off&#8221; global_colors_info=&#8221;{}&#8221;]<\/p>\n<p><span>Um Nevens Verf\u00fcgbarkeit f\u00fcr dein Event zu sichern, empfehlen wir, mindestens drei Monate im Voraus zu buchen, insbesondere w\u00e4hrend der Hochsaison, um deinen Terminplan zu ber\u00fccksichtigen.<\/span><\/p>\n<p>[\/et_pb_blurb][et_pb_blurb title=&#8221;Can Neven perform outdoors?&#8221; use_icon=&#8221;on&#8221; font_icon=&#8221;&#x75;||divi||400&#8243; icon_color=&#8221;#3C3CC8&#8243; icon_placement=&#8221;left&#8221; _builder_version=&#8221;4.25.0&#8243; header_font=&#8221;Titillium Web|700||on|||||&#8221; header_font_size=&#8221;14px&#8221; header_letter_spacing=&#8221;2px&#8221; header_line_height=&#8221;1.8em&#8221; body_font=&#8221;Source Sans Pro||||||||&#8221; body_text_color=&#8221;rgba(255,255,255,0.7)&#8221; body_font_size=&#8221;16px&#8221; body_line_height=&#8221;1.8em&#8221; background_color=&#8221;#1b1f50&#8243; background_layout=&#8221;dark&#8221; custom_margin=&#8221;||12%|&#8221; custom_margin_tablet=&#8221;70px|||&#8221; custom_margin_last_edited=&#8221;off|desktop&#8221; custom_padding=&#8221;30px|16px|30px|16px&#8221; animation_style=&#8221;fold&#8221; animation_delay=&#8221;250ms&#8221; locked=&#8221;off&#8221; global_colors_info=&#8221;{}&#8221;]<\/p>\n<p><span>Neven kann im Freien auftreten, wenn die Wetterbedingungen g\u00fcnstig sind. Ein Notfallplan f\u00fcr schlechtes Wetter sollte vorhanden sein, um den Erfolg der Veranstaltung sicherzustellen.<\/span><\/p>\n<p>[\/et_pb_blurb][et_pb_blurb title=&#8221;How much does neven cost?&#8221; use_icon=&#8221;on&#8221; font_icon=&#8221;&#x75;||divi||400&#8243; icon_color=&#8221;#3C3CC8&#8243; icon_placement=&#8221;left&#8221; _builder_version=&#8221;4.25.0&#8243; header_font=&#8221;Titillium Web|700||on|||||&#8221; header_font_size=&#8221;14px&#8221; header_letter_spacing=&#8221;2px&#8221; header_line_height=&#8221;1.8em&#8221; body_font=&#8221;Source Sans Pro||||||||&#8221; body_text_color=&#8221;rgba(255,255,255,0.7)&#8221; body_font_size=&#8221;16px&#8221; body_line_height=&#8221;1.8em&#8221; background_color=&#8221;#1b1f50&#8243; background_layout=&#8221;dark&#8221; custom_margin=&#8221;||12%|&#8221; custom_margin_tablet=&#8221;70px|||&#8221; custom_margin_last_edited=&#8221;off|desktop&#8221; custom_padding=&#8221;30px|16px|30px|16px&#8221; animation_style=&#8221;fold&#8221; animation_delay=&#8221;100ms&#8221; locked=&#8221;off&#8221; global_colors_info=&#8221;{}&#8221;]<\/p>\n<p><span>Da jedes Event unterschiedlich ist, k\u00f6nnen wir dir kein direktes Angebot machen, ohne alle Details deines Events zu erfahren. Der erste Schritt ist, uns zu kontaktieren. Dann werden wir dich anrufen, alle Informationen \u00fcber dein Event herausfinden und dir ein pers\u00f6nliches Angebot unterbreiten!<\/span><\/p>\n<p>[\/et_pb_blurb][\/et_pb_column][\/et_pb_row][\/et_pb_section][et_pb_section fb_built=&#8221;1&#8243; admin_label=&#8221;Features Section&#8221; _builder_version=&#8221;4.16&#8243; background_color=&#8221;#101535&#8243; custom_margin=&#8221;|||&#8221; custom_padding=&#8221;|||&#8221; global_colors_info=&#8221;{}&#8221;][\/et_pb_section][et_pb_section fb_built=&#8221;1&#8243; custom_padding_last_edited=&#8221;on|phone&#8221; prev_background_color=&#8221;#101535&#8243; admin_label=&#8221;Contact&#8221; _builder_version=&#8221;4.16&#8243; use_background_color_gradient=&#8221;on&#8221; background_color_gradient_stops=&#8221;#12163D 0%|#2b2996 100%&#8221; background_color_gradient_start=&#8221;#12163D&#8221; background_color_gradient_end=&#8221;#2b2996&#8243; background_image=&#8221;https:\/\/neven.one\/wp-content\/uploads\/2024\/01\/crypto-bg-02.png&#8221; parallax=&#8221;on&#8221; custom_margin=&#8221;|||&#8221; custom_padding=&#8221;100px|0|120px||false|false&#8221; custom_padding_tablet=&#8221;200px|||&#8221; custom_padding_phone=&#8221;150px||100px|&#8221; top_divider_style=&#8221;arrow2&#8243; top_divider_height=&#8221;350px&#8221; top_divider_height_tablet=&#8221;200px&#8221; top_divider_height_phone=&#8221;150px&#8221; top_divider_height_last_edited=&#8221;on|phone&#8221; global_colors_info=&#8221;{}&#8221;][et_pb_row _builder_version=&#8221;4.16&#8243; global_colors_info=&#8221;{}&#8221;][et_pb_column type=&#8221;4_4&#8243; _builder_version=&#8221;4.16&#8243; custom_padding=&#8221;|||&#8221; global_colors_info=&#8221;{}&#8221; custom_padding__hover=&#8221;|||&#8221;][et_pb_text _builder_version=&#8221;4.16&#8243; text_font=&#8221;||||||||&#8221; header_font=&#8221;||||||||&#8221; header_2_font=&#8221;Titillium Web|600|||||||&#8221; header_2_font_size=&#8221;36px&#8221; header_2_letter_spacing=&#8221;2px&#8221; header_2_line_height=&#8221;1.3em&#8221; text_orientation=&#8221;center&#8221; background_layout=&#8221;dark&#8221; header_2_font_size_tablet=&#8221;&#8221; header_2_font_size_phone=&#8221;28px&#8221; header_2_font_size_last_edited=&#8221;on|phone&#8221; global_colors_info=&#8221;{}&#8221;]<\/p>\n<h2>Noch Fragen? Kontaktiere uns!<\/h2>\n<p>[\/et_pb_text][et_pb_divider color=&#8221;#4328B7&#8243; divider_weight=&#8221;4px&#8221; _builder_version=&#8221;4.16&#8243; max_width=&#8221;80px&#8221; module_alignment=&#8221;center&#8221; height=&#8221;4px&#8221; global_colors_info=&#8221;{}&#8221;][\/et_pb_divider][et_pb_text _builder_version=&#8221;4.25.0&#8243; text_font=&#8221;||||||||&#8221; text_font_size=&#8221;18px&#8221; text_line_height=&#8221;2em&#8221; header_font=&#8221;||||||||&#8221; text_orientation=&#8221;center&#8221; background_layout=&#8221;dark&#8221; max_width=&#8221;700px&#8221; module_alignment=&#8221;center&#8221; global_colors_info=&#8221;{}&#8221;]<\/p>\n<p><span>Hast du nicht die Antwort gefunden, die du gesucht hast? Wir sind hier, um zu helfen! Kontaktiere uns direkt mit weiteren Fragen oder um spezifische Details zu deinem Event zu besprechen. <\/span><\/p>\n<p>[\/et_pb_text][\/et_pb_column][\/et_pb_row][et_pb_row module_id=&#8221;contact&#8221; _builder_version=&#8221;4.25.1&#8243; custom_margin=&#8221;40px|||&#8221; custom_padding=&#8221;0||0||false|false&#8221; animation_style=&#8221;fade&#8221; animation_direction=&#8221;top&#8221; box_shadow_style=&#8221;preset1&#8243; box_shadow_blur=&#8221;60px&#8221; box_shadow_color=&#8221;rgba(60,60,200,0.4)&#8221; global_colors_info=&#8221;{}&#8221;][et_pb_column type=&#8221;4_4&#8243; _builder_version=&#8221;4.16&#8243; custom_padding=&#8221;|||&#8221; global_colors_info=&#8221;{}&#8221; custom_padding__hover=&#8221;|||&#8221;][et_pb_contact_form email=&#8221;magic@neven.one&#8221; success_message=&#8221;Thank you for contacting us. We will be in touch shortly!&#8221; module_id=&#8221;et_pb_contact_form_0&#8243; _builder_version=&#8221;4.27.0&#8243; form_field_background_color=&#8221;rgba(67,40,183,0.08)&#8221; form_field_text_color=&#8221;#42526b&#8221; title_font=&#8221;||||||||&#8221; form_field_font=&#8221;Titillium Web|600||on|||||&#8221; form_field_font_size=&#8221;12px&#8221; form_field_letter_spacing=&#8221;1px&#8221; background_color=&#8221;#ffffff&#8221; custom_button=&#8221;on&#8221; button_text_size=&#8221;13px&#8221; button_text_color=&#8221;#ffffff&#8221; button_bg_color=&#8221;#4328b7&#8243; button_border_width=&#8221;10px&#8221; button_border_color=&#8221;#4328b7&#8243; button_border_radius=&#8221;0px&#8221; button_letter_spacing=&#8221;2px&#8221; button_font=&#8221;Titillium Web|700||on|||||&#8221; custom_margin=&#8221;|||&#8221; custom_padding=&#8221;50px|50px|50px|50px&#8221; hover_enabled=&#8221;0&#8243; border_color_all=&#8221;#666EE8&#8243; box_shadow_style_button=&#8221;preset3&#8243; form_background_color=&#8221;rgba(67,40,183,0.08)&#8221; global_colors_info=&#8221;{}&#8221; sticky_enabled=&#8221;0&#8243;][et_pb_contact_field field_id=&#8221;Name&#8221; field_title=&#8221;Name&#8221; _builder_version=&#8221;4.16&#8243; global_colors_info=&#8221;{}&#8221; button_text_size__hover_enabled=&#8221;off&#8221; button_one_text_size__hover_enabled=&#8221;off&#8221; button_two_text_size__hover_enabled=&#8221;off&#8221; button_text_color__hover_enabled=&#8221;off&#8221; button_one_text_color__hover_enabled=&#8221;off&#8221; button_two_text_color__hover_enabled=&#8221;off&#8221; button_border_width__hover_enabled=&#8221;off&#8221; button_one_border_width__hover_enabled=&#8221;off&#8221; button_two_border_width__hover_enabled=&#8221;off&#8221; button_border_color__hover_enabled=&#8221;off&#8221; button_one_border_color__hover_enabled=&#8221;off&#8221; button_two_border_color__hover_enabled=&#8221;off&#8221; button_border_radius__hover_enabled=&#8221;off&#8221; button_one_border_radius__hover_enabled=&#8221;off&#8221; button_two_border_radius__hover_enabled=&#8221;off&#8221; button_letter_spacing__hover_enabled=&#8221;off&#8221; button_one_letter_spacing__hover_enabled=&#8221;off&#8221; button_two_letter_spacing__hover_enabled=&#8221;off&#8221; button_bg_color__hover_enabled=&#8221;off&#8221; button_one_bg_color__hover_enabled=&#8221;off&#8221; button_two_bg_color__hover_enabled=&#8221;off&#8221;][\/et_pb_contact_field][et_pb_contact_field field_id=&#8221;Email&#8221; field_title=&#8221;Email Address&#8221; field_type=&#8221;email&#8221; _builder_version=&#8221;4.16&#8243; global_colors_info=&#8221;{}&#8221; button_text_size__hover_enabled=&#8221;off&#8221; button_one_text_size__hover_enabled=&#8221;off&#8221; button_two_text_size__hover_enabled=&#8221;off&#8221; button_text_color__hover_enabled=&#8221;off&#8221; button_one_text_color__hover_enabled=&#8221;off&#8221; button_two_text_color__hover_enabled=&#8221;off&#8221; button_border_width__hover_enabled=&#8221;off&#8221; button_one_border_width__hover_enabled=&#8221;off&#8221; button_two_border_width__hover_enabled=&#8221;off&#8221; button_border_color__hover_enabled=&#8221;off&#8221; button_one_border_color__hover_enabled=&#8221;off&#8221; button_two_border_color__hover_enabled=&#8221;off&#8221; button_border_radius__hover_enabled=&#8221;off&#8221; button_one_border_radius__hover_enabled=&#8221;off&#8221; button_two_border_radius__hover_enabled=&#8221;off&#8221; button_letter_spacing__hover_enabled=&#8221;off&#8221; button_one_letter_spacing__hover_enabled=&#8221;off&#8221; button_two_letter_spacing__hover_enabled=&#8221;off&#8221; button_bg_color__hover_enabled=&#8221;off&#8221; button_one_bg_color__hover_enabled=&#8221;off&#8221; button_two_bg_color__hover_enabled=&#8221;off&#8221;][\/et_pb_contact_field][et_pb_contact_field field_id=&#8221;Phone&#8221; field_title=&#8221;Phone number&#8221; fullwidth_field=&#8221;on&#8221; _builder_version=&#8221;4.25.2&#8243; _module_preset=&#8221;default&#8221; global_colors_info=&#8221;{}&#8221;][\/et_pb_contact_field][et_pb_contact_field field_id=&#8221;Message&#8221; field_title=&#8221;Message&#8221; field_type=&#8221;text&#8221; fullwidth_field=&#8221;on&#8221; _builder_version=&#8221;4.16&#8243; global_colors_info=&#8221;{}&#8221; button_text_size__hover_enabled=&#8221;off&#8221; button_one_text_size__hover_enabled=&#8221;off&#8221; button_two_text_size__hover_enabled=&#8221;off&#8221; button_text_color__hover_enabled=&#8221;off&#8221; button_one_text_color__hover_enabled=&#8221;off&#8221; button_two_text_color__hover_enabled=&#8221;off&#8221; button_border_width__hover_enabled=&#8221;off&#8221; button_one_border_width__hover_enabled=&#8221;off&#8221; button_two_border_width__hover_enabled=&#8221;off&#8221; button_border_color__hover_enabled=&#8221;off&#8221; button_one_border_color__hover_enabled=&#8221;off&#8221; button_two_border_color__hover_enabled=&#8221;off&#8221; button_border_radius__hover_enabled=&#8221;off&#8221; button_one_border_radius__hover_enabled=&#8221;off&#8221; button_two_border_radius__hover_enabled=&#8221;off&#8221; button_letter_spacing__hover_enabled=&#8221;off&#8221; button_one_letter_spacing__hover_enabled=&#8221;off&#8221; button_two_letter_spacing__hover_enabled=&#8221;off&#8221; button_bg_color__hover_enabled=&#8221;off&#8221; button_one_bg_color__hover_enabled=&#8221;off&#8221; button_two_bg_color__hover_enabled=&#8221;off&#8221;][\/et_pb_contact_field][\/et_pb_contact_form][\/et_pb_column][\/et_pb_row][\/et_pb_section]<\/p>","protected":false},"excerpt":{"rendered":"<p>Frequently Asked Have inquiries regarding booking NEVEN for your event? Here, you will find frequently asked questions that provide insights into what you can anticipate when selecting NEVEN as your magician, educator, or speaker.Neven specializes in corporate events, weddings, educational settings, adult birthdays, and art festivals, ensuring each show is uniquely tailored to the audience [&hellip;]<\/p>","protected":false},"author":1,"featured_media":0,"parent":0,"menu_order":0,"comment_status":"closed","ping_status":"closed","template":"","meta":{"_et_pb_use_builder":"on","_et_pb_old_content":"<!-- wp:divi\/placeholder \/-->","_et_gb_content_width":"","footnotes":""},"class_list":["post-22","page","type-page","status-publish","hentry"],"yoast_head":"<!-- This site is optimized with the Yoast SEO plugin v27.4 - https:\/\/yoast.com\/product\/yoast-seo-wordpress\/ -->\n<title>FAQ - Neven Mazic | Magician, educator, speaker<\/title>\n<meta name=\"robots\" content=\"index, follow, max-snippet:-1, max-image-preview:large, max-video-preview:-1\" \/>\n<link rel=\"canonical\" href=\"https:\/\/neven.one\/de\/faq\/\" \/>\n<meta property=\"og:locale\" content=\"de_DE\" \/>\n<meta property=\"og:type\" content=\"article\" \/>\n<meta property=\"og:title\" content=\"FAQ - Neven Mazic | Magician, educator, speaker\" \/>\n<meta property=\"og:description\" content=\"Frequently Asked Have inquiries regarding booking NEVEN for your event? Here, you will find frequently asked questions that provide insights into what you can anticipate when selecting NEVEN as your magician, educator, or speaker.Neven specializes in corporate events, weddings, educational settings, adult birthdays, and art festivals, ensuring each show is uniquely tailored to the audience [&hellip;]\" \/>\n<meta property=\"og:url\" content=\"https:\/\/neven.one\/de\/faq\/\" \/>\n<meta property=\"og:site_name\" content=\"Neven Mazic | Magician, educator, speaker\" \/>\n<meta property=\"article:modified_time\" content=\"2024-07-26T07:40:49+00:00\" \/>\n<meta name=\"twitter:card\" content=\"summary_large_image\" \/>\n<script type=\"application\/ld+json\" class=\"yoast-schema-graph\">{\"@context\":\"https:\\\/\\\/schema.org\",\"@graph\":[{\"@type\":\"WebPage\",\"@id\":\"https:\\\/\\\/neven.one\\\/faq\\\/\",\"url\":\"https:\\\/\\\/neven.one\\\/faq\\\/\",\"name\":\"FAQ - Neven Mazic | Magician, educator, speaker\",\"isPartOf\":{\"@id\":\"https:\\\/\\\/neven.one\\\/#website\"},\"datePublished\":\"2024-01-08T21:02:42+00:00\",\"dateModified\":\"2024-07-26T07:40:49+00:00\",\"breadcrumb\":{\"@id\":\"https:\\\/\\\/neven.one\\\/faq\\\/#breadcrumb\"},\"inLanguage\":\"de\",\"potentialAction\":[{\"@type\":\"ReadAction\",\"target\":[\"https:\\\/\\\/neven.one\\\/faq\\\/\"]}]},{\"@type\":\"BreadcrumbList\",\"@id\":\"https:\\\/\\\/neven.one\\\/faq\\\/#breadcrumb\",\"itemListElement\":[{\"@type\":\"ListItem\",\"position\":1,\"name\":\"Home\",\"item\":\"https:\\\/\\\/neven.one\\\/en\\\/\"},{\"@type\":\"ListItem\",\"position\":2,\"name\":\"FAQ\"}]},{\"@type\":\"WebSite\",\"@id\":\"https:\\\/\\\/neven.one\\\/#website\",\"url\":\"https:\\\/\\\/neven.one\\\/\",\"name\":\"Neven Mazic | Magician, educator, speaker\",\"description\":\"\",\"potentialAction\":[{\"@type\":\"SearchAction\",\"target\":{\"@type\":\"EntryPoint\",\"urlTemplate\":\"https:\\\/\\\/neven.one\\\/?s={search_term_string}\"},\"query-input\":{\"@type\":\"PropertyValueSpecification\",\"valueRequired\":true,\"valueName\":\"search_term_string\"}}],\"inLanguage\":\"de\"}]}<\/script>\n<!-- \/ Yoast SEO plugin. -->","yoast_head_json":{"title":"FAQ - Neven Mazic | Magician, educator, speaker","robots":{"index":"index","follow":"follow","max-snippet":"max-snippet:-1","max-image-preview":"max-image-preview:large","max-video-preview":"max-video-preview:-1"},"canonical":"https:\/\/neven.one\/de\/faq\/","og_locale":"de_DE","og_type":"article","og_title":"FAQ - Neven Mazic | Magician, educator, speaker","og_description":"Frequently Asked Have inquiries regarding booking NEVEN for your event? Here, you will find frequently asked questions that provide insights into what you can anticipate when selecting NEVEN as your magician, educator, or speaker.Neven specializes in corporate events, weddings, educational settings, adult birthdays, and art festivals, ensuring each show is uniquely tailored to the audience [&hellip;]","og_url":"https:\/\/neven.one\/de\/faq\/","og_site_name":"Neven Mazic | Magician, educator, speaker","article_modified_time":"2024-07-26T07:40:49+00:00","twitter_card":"summary_large_image","schema":{"@context":"https:\/\/schema.org","@graph":[{"@type":"WebPage","@id":"https:\/\/neven.one\/faq\/","url":"https:\/\/neven.one\/faq\/","name":"FAQ - Neven Mazic | Magician, educator, speaker","isPartOf":{"@id":"https:\/\/neven.one\/#website"},"datePublished":"2024-01-08T21:02:42+00:00","dateModified":"2024-07-26T07:40:49+00:00","breadcrumb":{"@id":"https:\/\/neven.one\/faq\/#breadcrumb"},"inLanguage":"de","potentialAction":[{"@type":"ReadAction","target":["https:\/\/neven.one\/faq\/"]}]},{"@type":"BreadcrumbList","@id":"https:\/\/neven.one\/faq\/#breadcrumb","itemListElement":[{"@type":"ListItem","position":1,"name":"Home","item":"https:\/\/neven.one\/en\/"},{"@type":"ListItem","position":2,"name":"FAQ"}]},{"@type":"WebSite","@id":"https:\/\/neven.one\/#website","url":"https:\/\/neven.one\/","name":"Neven Mazic | Magician, educator, speaker","description":"","potentialAction":[{"@type":"SearchAction","target":{"@type":"EntryPoint","urlTemplate":"https:\/\/neven.one\/?s={search_term_string}"},"query-input":{"@type":"PropertyValueSpecification","valueRequired":true,"valueName":"search_term_string"}}],"inLanguage":"de"}]}},"jetpack_sharing_enabled":true,"_links":{"self":[{"href":"https:\/\/neven.one\/de\/wp-json\/wp\/v2\/pages\/22","targetHints":{"allow":["GET"]}}],"collection":[{"href":"https:\/\/neven.one\/de\/wp-json\/wp\/v2\/pages"}],"about":[{"href":"https:\/\/neven.one\/de\/wp-json\/wp\/v2\/types\/page"}],"author":[{"embeddable":true,"href":"https:\/\/neven.one\/de\/wp-json\/wp\/v2\/users\/1"}],"replies":[{"embeddable":true,"href":"https:\/\/neven.one\/de\/wp-json\/wp\/v2\/comments?post=22"}],"version-history":[{"count":11,"href":"https:\/\/neven.one\/de\/wp-json\/wp\/v2\/pages\/22\/revisions"}],"predecessor-version":[{"id":235,"href":"https:\/\/neven.one\/de\/wp-json\/wp\/v2\/pages\/22\/revisions\/235"}],"wp:attachment":[{"href":"https:\/\/neven.one\/de\/wp-json\/wp\/v2\/media?parent=22"}],"curies":[{"name":"wp","href":"https:\/\/api.w.org\/{rel}","templated":true}]}}